{"id":124,"date":"2020-12-17T10:59:43","date_gmt":"2020-12-17T09:59:43","guid":{"rendered":"http:\/\/www.360-hd.com\/?page_id=124"},"modified":"2025-08-22T13:32:25","modified_gmt":"2025-08-22T11:32:25","slug":"contact","status":"publish","type":"page","link":"https:\/\/www.360-hd.com\/?page_id=124","title":{"rendered":"Contact"},"content":{"rendered":"\n<p><strong>Adresse<\/strong><br>360\u00b0 HD Lyon 69  &amp; Bussi\u00e8res 42 ( Rh\u00f4ne et Loire) <br>Mail: chloedelyon@gmal.com<br>Tel : 0689988211<br><\/p>\n\n\n\n<p><br>T\u00e9l : 06 89 98 82 11<\/p>\n\n\n\n<p><strong>Heures d\u2019ouverture<\/strong><br>Du lundi au vendredi : 9h00\u201418h00<br>Les samedi&nbsp; : 11h00\u201315h00<\/p>\n","protected":false},"excerpt":{"rendered":"<p>Adresse360\u00b0 HD Lyon 69 &amp; Bussi\u00e8res 42 ( Rh\u00f4ne et Loire) Mail: chloedelyon@gmal.comTel : 0689988211 T\u00e9l : 06 89 98 82 11 Heures d\u2019ouvertureDu lundi au vendredi : 9h00\u201418h00Les samedi&nbsp; : 11h00\u201315h00<\/p>\n","protected":false},"author":1,"featured_media":0,"parent":0,"menu_order":0,"comment_status":"closed","ping_status":"closed","template":"","meta":{"footnotes":""},"class_list":["post-124","page","type-page","status-publish","hentry"],"_links":{"self":[{"href":"https:\/\/www.360-hd.com\/index.php?rest_route=\/wp\/v2\/pages\/124","targetHints":{"allow":["GET"]}}],"collection":[{"href":"https:\/\/www.360-hd.com\/index.php?rest_route=\/wp\/v2\/pages"}],"about":[{"href":"https:\/\/www.360-hd.com\/index.php?rest_route=\/wp\/v2\/types\/page"}],"author":[{"embeddable":true,"href":"https:\/\/www.360-hd.com\/index.php?rest_route=\/wp\/v2\/users\/1"}],"replies":[{"embeddable":true,"href":"https:\/\/www.360-hd.com\/index.php?rest_route=%2Fwp%2Fv2%2Fcomments&post=124"}],"version-history":[{"count":3,"href":"https:\/\/www.360-hd.com\/index.php?rest_route=\/wp\/v2\/pages\/124\/revisions"}],"predecessor-version":[{"id":151,"href":"https:\/\/www.360-hd.com\/index.php?rest_route=\/wp\/v2\/pages\/124\/revisions\/151"}],"wp:attachment":[{"href":"https:\/\/www.360-hd.com\/index.php?rest_route=%2Fwp%2Fv2%2Fmedia&parent=124"}],"curies":[{"name":"wp","href":"https:\/\/api.w.org\/{rel}","templated":true}]}}