{"id":15,"date":"2020-12-15T11:59:54","date_gmt":"2020-12-15T10:59:54","guid":{"rendered":"http:\/\/www.360-hd.com\/?page_id=15"},"modified":"2021-06-23T17:22:00","modified_gmt":"2021-06-23T15:22:00","slug":"accueil","status":"publish","type":"page","link":"https:\/\/www.360-hd.com\/","title":{"rendered":"WEB  &#038; Production audiovisuelle et visite virtuelle  360\u00b0 Full HD"},"content":{"rendered":"\n<p>Bienvenue  sur le site  <strong>360\u00b0 HD<\/strong>, <br><em><strong>une plateforme Ind\u00e9pendante et cr\u00e9ative !<\/strong><\/em><\/p>\n\n\n\n<p>Vous avec  projet d&rsquo;am\u00e9nagement ou de construction,  de vente d&rsquo;une maison, d&rsquo;un appartement t\u00e9moin, pr\u00e9senter un showroom, ou  de cr\u00e9er des archives de qualit\u00e9s  en tr\u00e8s haute-d\u00e9finition,  de faire de la formation \u00e0 distance, voici autant d&rsquo;exemples pour servir vos objectifs de communication avec des photographes, webmaster professionnels.<\/p>\n\n\n\n<p>Simuler la visite d&rsquo;un lieu et son environnement de fa\u00e7on totalement immersive et interactive,   avec int\u00e9gration de vid\u00e9o, point d&rsquo;information, voix off, musique, c&rsquo;est tout l&rsquo;int\u00e9r\u00eat de la <strong>visite virtuelle augment\u00e9e  360\u00b0<\/strong> <strong>HD<\/strong><\/p>\n\n\n\n\n\n<p><\/p>\n","protected":false},"excerpt":{"rendered":"<p>Bienvenue sur le site 360\u00b0 HD, une plateforme Ind\u00e9pendante et cr\u00e9ative ! Vous avec projet d&rsquo;am\u00e9nagement ou de construction, de vente d&rsquo;une maison, d&rsquo;un appartement t\u00e9moin, pr\u00e9senter un showroom, ou de cr\u00e9er des archives de qualit\u00e9s en tr\u00e8s haute-d\u00e9finition, de faire de la formation \u00e0 distance, voici autant d&rsquo;exemples pour servir vos objectifs de communication &hellip; <\/p>\n<p class=\"link-more\"><a href=\"https:\/\/www.360-hd.com\/\" class=\"more-link\">Continuer la lecture<span class=\"screen-reader-text\"> de &laquo;&nbsp;WEB  &#038; Production audiovisuelle et visite virtuelle  360\u00b0 Full HD&nbsp;&raquo;<\/span><\/a><\/p>\n","protected":false},"author":1,"featured_media":0,"parent":0,"menu_order":0,"comment_status":"closed","ping_status":"closed","template":"","meta":{"footnotes":""},"class_list":["post-15","page","type-page","status-publish","hentry"],"_links":{"self":[{"href":"https:\/\/www.360-hd.com\/index.php?rest_route=\/wp\/v2\/pages\/15","targetHints":{"allow":["GET"]}}],"collection":[{"href":"https:\/\/www.360-hd.com\/index.php?rest_route=\/wp\/v2\/pages"}],"about":[{"href":"https:\/\/www.360-hd.com\/index.php?rest_route=\/wp\/v2\/types\/page"}],"author":[{"embeddable":true,"href":"https:\/\/www.360-hd.com\/index.php?rest_route=\/wp\/v2\/users\/1"}],"replies":[{"embeddable":true,"href":"https:\/\/www.360-hd.com\/index.php?rest_route=%2Fwp%2Fv2%2Fcomments&post=15"}],"version-history":[{"count":18,"href":"https:\/\/www.360-hd.com\/index.php?rest_route=\/wp\/v2\/pages\/15\/revisions"}],"predecessor-version":[{"id":145,"href":"https:\/\/www.360-hd.com\/index.php?rest_route=\/wp\/v2\/pages\/15\/revisions\/145"}],"wp:attachment":[{"href":"https:\/\/www.360-hd.com\/index.php?rest_route=%2Fwp%2Fv2%2Fmedia&parent=15"}],"curies":[{"name":"wp","href":"https:\/\/api.w.org\/{rel}","templated":true}]}}